{"id":324,"date":"2024-07-26T12:32:22","date_gmt":"2024-07-26T12:32:22","guid":{"rendered":"https:\/\/preparadoresdeoposicionestecnicosuperioreneducacioninfantil.com\/?page_id=324"},"modified":"2024-08-22T18:48:05","modified_gmt":"2024-08-22T18:48:05","slug":"recursos-gratis","status":"publish","type":"page","link":"https:\/\/preparadoresdeoposicionestecnicosuperioreneducacioninfantil.com\/index.php\/recursos-gratis\/","title":{"rendered":"Recursos \u00a1GRATIS!"},"content":{"rendered":"","protected":false},"excerpt":{"rendered":"<p>Descarga nuestro material de ejemplo gratuito, agendas, planes pupitreros&#8230; \u00a1GRATIS!<\/p>\n","protected":false},"author":1,"featured_media":327,"parent":0,"menu_order":0,"comment_status":"closed","ping_status":"closed","template":"","meta":{"content-type":"","footnotes":""},"class_list":["post-324","page","type-page","status-publish","has-post-thumbnail","hentry"],"yoast_head":"<!-- This site is optimized with the Yoast SEO plugin v26.6 - https:\/\/yoast.com\/wordpress\/plugins\/seo\/ -->\n<title>Recursos \u00a1GRATIS! - Preparadores de oposiciones T\u00e9cnico Superior en Educaci\u00f3n Infantil<\/title>\n<meta name=\"description\" content=\"\u00bfTienes alguna pregunta o necesitas m\u00e1s informaci\u00f3n? Cont\u00e1ctanos en El Pupitre de Pilu para obtener detalles sobre nuestra preparaci\u00f3n online para las oposiciones de T\u00e9cnico Superior en Educaci\u00f3n Infantil.\" \/>\n<meta name=\"robots\" content=\"index, follow, max-snippet:-1, max-image-preview:large, max-video-preview:-1\" \/>\n<link rel=\"canonical\" href=\"https:\/\/preparadoresdeoposicionestecnicosuperioreneducacioninfantil.com\/index.php\/recursos-gratis\/\" \/>\n<meta property=\"og:locale\" content=\"es_ES\" \/>\n<meta property=\"og:type\" content=\"article\" \/>\n<meta property=\"og:title\" content=\"Recursos \u00a1GRATIS! - Preparadores de oposiciones T\u00e9cnico Superior en Educaci\u00f3n Infantil\" \/>\n<meta property=\"og:description\" content=\"\u00bfTienes alguna pregunta o necesitas m\u00e1s informaci\u00f3n? Cont\u00e1ctanos en El Pupitre de Pilu para obtener detalles sobre nuestra preparaci\u00f3n online para las oposiciones de T\u00e9cnico Superior en Educaci\u00f3n Infantil.\" \/>\n<meta property=\"og:url\" content=\"https:\/\/preparadoresdeoposicionestecnicosuperioreneducacioninfantil.com\/index.php\/recursos-gratis\/\" \/>\n<meta property=\"og:site_name\" content=\"Preparadores de oposiciones T\u00e9cnico Superior en Educaci\u00f3n Infantil\" \/>\n<meta property=\"article:modified_time\" content=\"2024-08-22T18:48:05+00:00\" \/>\n<meta property=\"og:image\" content=\"https:\/\/preparadoresdeoposicionestecnicosuperioreneducacioninfantil.com\/wp-content\/uploads\/2024\/07\/recgratis.png\" \/>\n\t<meta property=\"og:image:width\" content=\"476\" \/>\n\t<meta property=\"og:image:height\" content=\"541\" \/>\n\t<meta property=\"og:image:type\" content=\"image\/png\" \/>\n<meta name=\"twitter:card\" content=\"summary_large_image\" \/>\n<meta name=\"twitter:label1\" content=\"Tiempo de lectura\" \/>\n\t<meta name=\"twitter:data1\" content=\"1 minuto\" \/>\n<script type=\"application\/ld+json\" class=\"yoast-schema-graph\">{\"@context\":\"https:\/\/schema.org\",\"@graph\":[{\"@type\":\"WebPage\",\"@id\":\"https:\/\/preparadoresdeoposicionestecnicosuperioreneducacioninfantil.com\/index.php\/recursos-gratis\/\",\"url\":\"https:\/\/preparadoresdeoposicionestecnicosuperioreneducacioninfantil.com\/index.php\/recursos-gratis\/\",\"name\":\"Recursos \u00a1GRATIS! - Preparadores de oposiciones T\u00e9cnico Superior en Educaci\u00f3n Infantil\",\"isPartOf\":{\"@id\":\"https:\/\/preparadoresdeoposicionestecnicosuperioreneducacioninfantil.com\/#website\"},\"primaryImageOfPage\":{\"@id\":\"https:\/\/preparadoresdeoposicionestecnicosuperioreneducacioninfantil.com\/index.php\/recursos-gratis\/#primaryimage\"},\"image\":{\"@id\":\"https:\/\/preparadoresdeoposicionestecnicosuperioreneducacioninfantil.com\/index.php\/recursos-gratis\/#primaryimage\"},\"thumbnailUrl\":\"https:\/\/preparadoresdeoposicionestecnicosuperioreneducacioninfantil.com\/wp-content\/uploads\/2024\/07\/recgratis.png\",\"datePublished\":\"2024-07-26T12:32:22+00:00\",\"dateModified\":\"2024-08-22T18:48:05+00:00\",\"description\":\"\u00bfTienes alguna pregunta o necesitas m\u00e1s informaci\u00f3n? Cont\u00e1ctanos en El Pupitre de Pilu para obtener detalles sobre nuestra preparaci\u00f3n online para las oposiciones de T\u00e9cnico Superior en Educaci\u00f3n Infantil.\",\"breadcrumb\":{\"@id\":\"https:\/\/preparadoresdeoposicionestecnicosuperioreneducacioninfantil.com\/index.php\/recursos-gratis\/#breadcrumb\"},\"inLanguage\":\"es\",\"potentialAction\":[{\"@type\":\"ReadAction\",\"target\":[\"https:\/\/preparadoresdeoposicionestecnicosuperioreneducacioninfantil.com\/index.php\/recursos-gratis\/\"]}]},{\"@type\":\"ImageObject\",\"inLanguage\":\"es\",\"@id\":\"https:\/\/preparadoresdeoposicionestecnicosuperioreneducacioninfantil.com\/index.php\/recursos-gratis\/#primaryimage\",\"url\":\"https:\/\/preparadoresdeoposicionestecnicosuperioreneducacioninfantil.com\/wp-content\/uploads\/2024\/07\/recgratis.png\",\"contentUrl\":\"https:\/\/preparadoresdeoposicionestecnicosuperioreneducacioninfantil.com\/wp-content\/uploads\/2024\/07\/recgratis.png\",\"width\":476,\"height\":541},{\"@type\":\"BreadcrumbList\",\"@id\":\"https:\/\/preparadoresdeoposicionestecnicosuperioreneducacioninfantil.com\/index.php\/recursos-gratis\/#breadcrumb\",\"itemListElement\":[{\"@type\":\"ListItem\",\"position\":1,\"name\":\"Portada\",\"item\":\"https:\/\/preparadoresdeoposicionestecnicosuperioreneducacioninfantil.com\/\"},{\"@type\":\"ListItem\",\"position\":2,\"name\":\"Recursos \u00a1GRATIS!\"}]},{\"@type\":\"WebSite\",\"@id\":\"https:\/\/preparadoresdeoposicionestecnicosuperioreneducacioninfantil.com\/#website\",\"url\":\"https:\/\/preparadoresdeoposicionestecnicosuperioreneducacioninfantil.com\/\",\"name\":\"Preparadores de oposiciones T\u00e9cnico Superior en Educaci\u00f3n Infantil\",\"description\":\"\",\"potentialAction\":[{\"@type\":\"SearchAction\",\"target\":{\"@type\":\"EntryPoint\",\"urlTemplate\":\"https:\/\/preparadoresdeoposicionestecnicosuperioreneducacioninfantil.com\/?s={search_term_string}\"},\"query-input\":{\"@type\":\"PropertyValueSpecification\",\"valueRequired\":true,\"valueName\":\"search_term_string\"}}],\"inLanguage\":\"es\"}]}<\/script>\n<!-- \/ Yoast SEO plugin. -->","yoast_head_json":{"title":"Recursos \u00a1GRATIS! - Preparadores de oposiciones T\u00e9cnico Superior en Educaci\u00f3n Infantil","description":"\u00bfTienes alguna pregunta o necesitas m\u00e1s informaci\u00f3n? Cont\u00e1ctanos en El Pupitre de Pilu para obtener detalles sobre nuestra preparaci\u00f3n online para las oposiciones de T\u00e9cnico Superior en Educaci\u00f3n Infantil.","robots":{"index":"index","follow":"follow","max-snippet":"max-snippet:-1","max-image-preview":"max-image-preview:large","max-video-preview":"max-video-preview:-1"},"canonical":"https:\/\/preparadoresdeoposicionestecnicosuperioreneducacioninfantil.com\/index.php\/recursos-gratis\/","og_locale":"es_ES","og_type":"article","og_title":"Recursos \u00a1GRATIS! - Preparadores de oposiciones T\u00e9cnico Superior en Educaci\u00f3n Infantil","og_description":"\u00bfTienes alguna pregunta o necesitas m\u00e1s informaci\u00f3n? Cont\u00e1ctanos en El Pupitre de Pilu para obtener detalles sobre nuestra preparaci\u00f3n online para las oposiciones de T\u00e9cnico Superior en Educaci\u00f3n Infantil.","og_url":"https:\/\/preparadoresdeoposicionestecnicosuperioreneducacioninfantil.com\/index.php\/recursos-gratis\/","og_site_name":"Preparadores de oposiciones T\u00e9cnico Superior en Educaci\u00f3n Infantil","article_modified_time":"2024-08-22T18:48:05+00:00","og_image":[{"width":476,"height":541,"url":"https:\/\/preparadoresdeoposicionestecnicosuperioreneducacioninfantil.com\/wp-content\/uploads\/2024\/07\/recgratis.png","type":"image\/png"}],"twitter_card":"summary_large_image","twitter_misc":{"Tiempo de lectura":"1 minuto"},"schema":{"@context":"https:\/\/schema.org","@graph":[{"@type":"WebPage","@id":"https:\/\/preparadoresdeoposicionestecnicosuperioreneducacioninfantil.com\/index.php\/recursos-gratis\/","url":"https:\/\/preparadoresdeoposicionestecnicosuperioreneducacioninfantil.com\/index.php\/recursos-gratis\/","name":"Recursos \u00a1GRATIS! - Preparadores de oposiciones T\u00e9cnico Superior en Educaci\u00f3n Infantil","isPartOf":{"@id":"https:\/\/preparadoresdeoposicionestecnicosuperioreneducacioninfantil.com\/#website"},"primaryImageOfPage":{"@id":"https:\/\/preparadoresdeoposicionestecnicosuperioreneducacioninfantil.com\/index.php\/recursos-gratis\/#primaryimage"},"image":{"@id":"https:\/\/preparadoresdeoposicionestecnicosuperioreneducacioninfantil.com\/index.php\/recursos-gratis\/#primaryimage"},"thumbnailUrl":"https:\/\/preparadoresdeoposicionestecnicosuperioreneducacioninfantil.com\/wp-content\/uploads\/2024\/07\/recgratis.png","datePublished":"2024-07-26T12:32:22+00:00","dateModified":"2024-08-22T18:48:05+00:00","description":"\u00bfTienes alguna pregunta o necesitas m\u00e1s informaci\u00f3n? Cont\u00e1ctanos en El Pupitre de Pilu para obtener detalles sobre nuestra preparaci\u00f3n online para las oposiciones de T\u00e9cnico Superior en Educaci\u00f3n Infantil.","breadcrumb":{"@id":"https:\/\/preparadoresdeoposicionestecnicosuperioreneducacioninfantil.com\/index.php\/recursos-gratis\/#breadcrumb"},"inLanguage":"es","potentialAction":[{"@type":"ReadAction","target":["https:\/\/preparadoresdeoposicionestecnicosuperioreneducacioninfantil.com\/index.php\/recursos-gratis\/"]}]},{"@type":"ImageObject","inLanguage":"es","@id":"https:\/\/preparadoresdeoposicionestecnicosuperioreneducacioninfantil.com\/index.php\/recursos-gratis\/#primaryimage","url":"https:\/\/preparadoresdeoposicionestecnicosuperioreneducacioninfantil.com\/wp-content\/uploads\/2024\/07\/recgratis.png","contentUrl":"https:\/\/preparadoresdeoposicionestecnicosuperioreneducacioninfantil.com\/wp-content\/uploads\/2024\/07\/recgratis.png","width":476,"height":541},{"@type":"BreadcrumbList","@id":"https:\/\/preparadoresdeoposicionestecnicosuperioreneducacioninfantil.com\/index.php\/recursos-gratis\/#breadcrumb","itemListElement":[{"@type":"ListItem","position":1,"name":"Portada","item":"https:\/\/preparadoresdeoposicionestecnicosuperioreneducacioninfantil.com\/"},{"@type":"ListItem","position":2,"name":"Recursos \u00a1GRATIS!"}]},{"@type":"WebSite","@id":"https:\/\/preparadoresdeoposicionestecnicosuperioreneducacioninfantil.com\/#website","url":"https:\/\/preparadoresdeoposicionestecnicosuperioreneducacioninfantil.com\/","name":"Preparadores de oposiciones T\u00e9cnico Superior en Educaci\u00f3n Infantil","description":"","potentialAction":[{"@type":"SearchAction","target":{"@type":"EntryPoint","urlTemplate":"https:\/\/preparadoresdeoposicionestecnicosuperioreneducacioninfantil.com\/?s={search_term_string}"},"query-input":{"@type":"PropertyValueSpecification","valueRequired":true,"valueName":"search_term_string"}}],"inLanguage":"es"}]}},"_links":{"self":[{"href":"https:\/\/preparadoresdeoposicionestecnicosuperioreneducacioninfantil.com\/index.php\/wp-json\/wp\/v2\/pages\/324","targetHints":{"allow":["GET"]}}],"collection":[{"href":"https:\/\/preparadoresdeoposicionestecnicosuperioreneducacioninfantil.com\/index.php\/wp-json\/wp\/v2\/pages"}],"about":[{"href":"https:\/\/preparadoresdeoposicionestecnicosuperioreneducacioninfantil.com\/index.php\/wp-json\/wp\/v2\/types\/page"}],"author":[{"embeddable":true,"href":"https:\/\/preparadoresdeoposicionestecnicosuperioreneducacioninfantil.com\/index.php\/wp-json\/wp\/v2\/users\/1"}],"replies":[{"embeddable":true,"href":"https:\/\/preparadoresdeoposicionestecnicosuperioreneducacioninfantil.com\/index.php\/wp-json\/wp\/v2\/comments?post=324"}],"version-history":[{"count":4,"href":"https:\/\/preparadoresdeoposicionestecnicosuperioreneducacioninfantil.com\/index.php\/wp-json\/wp\/v2\/pages\/324\/revisions"}],"predecessor-version":[{"id":334,"href":"https:\/\/preparadoresdeoposicionestecnicosuperioreneducacioninfantil.com\/index.php\/wp-json\/wp\/v2\/pages\/324\/revisions\/334"}],"wp:featuredmedia":[{"embeddable":true,"href":"https:\/\/preparadoresdeoposicionestecnicosuperioreneducacioninfantil.com\/index.php\/wp-json\/wp\/v2\/media\/327"}],"wp:attachment":[{"href":"https:\/\/preparadoresdeoposicionestecnicosuperioreneducacioninfantil.com\/index.php\/wp-json\/wp\/v2\/media?parent=324"}],"curies":[{"name":"wp","href":"https:\/\/api.w.org\/{rel}","templated":true}]}}