{"id":9,"date":"2021-01-08T14:38:03","date_gmt":"2021-01-08T14:38:03","guid":{"rendered":"https:\/\/preparadoresdeoposicionestecnicosuperioreneducacioninfantil.com\/?page_id=9"},"modified":"2025-07-29T16:28:46","modified_gmt":"2025-07-29T16:28:46","slug":"home","status":"publish","type":"page","link":"https:\/\/preparadoresdeoposicionestecnicosuperioreneducacioninfantil.com\/","title":{"rendered":""},"content":{"rendered":"","protected":false},"excerpt":{"rendered":"<p>En El Pupitre de Pilu ofrecemos preparaci\u00f3n online a tu ritmo para las oposiciones de T\u00e9cnico Superior en Educaci\u00f3n Infantil. Descubre nuestros cursos, recursos y apoyo personalizado para lograr tu \u00e9xito profesional.<\/p>\n","protected":false},"author":1,"featured_media":293,"parent":0,"menu_order":0,"comment_status":"open","ping_status":"closed","template":"","meta":{"content-type":"","footnotes":""},"class_list":["post-9","page","type-page","status-publish","has-post-thumbnail","hentry"],"yoast_head":"<!-- This site is optimized with the Yoast SEO plugin v26.6 - https:\/\/yoast.com\/wordpress\/plugins\/seo\/ -->\n<title>- Preparadores de oposiciones T\u00e9cnico Superior en Educaci\u00f3n Infantil<\/title>\n<meta name=\"description\" content=\"En El Pupitre de Pilu ofrecemos preparaci\u00f3n online a tu ritmo para las oposiciones de T\u00e9cnico Superior en Educaci\u00f3n Infantil. Descubre nuestros cursos, recursos y apoyo personalizado para lograr tu \u00e9xito profesional.\" \/>\n<meta name=\"robots\" content=\"index, follow, max-snippet:-1, max-image-preview:large, max-video-preview:-1\" \/>\n<link rel=\"canonical\" href=\"https:\/\/preparadoresdeoposicionestecnicosuperioreneducacioninfantil.com\/\" \/>\n<meta property=\"og:locale\" content=\"es_ES\" \/>\n<meta property=\"og:type\" content=\"article\" \/>\n<meta property=\"og:title\" content=\"- Preparadores de oposiciones T\u00e9cnico Superior en Educaci\u00f3n Infantil\" \/>\n<meta property=\"og:description\" content=\"En El Pupitre de Pilu ofrecemos preparaci\u00f3n online a tu ritmo para las oposiciones de T\u00e9cnico Superior en Educaci\u00f3n Infantil. Descubre nuestros cursos, recursos y apoyo personalizado para lograr tu \u00e9xito profesional.\" \/>\n<meta property=\"og:url\" content=\"https:\/\/preparadoresdeoposicionestecnicosuperioreneducacioninfantil.com\/\" \/>\n<meta property=\"og:site_name\" content=\"Preparadores de oposiciones T\u00e9cnico Superior en Educaci\u00f3n Infantil\" \/>\n<meta property=\"article:modified_time\" content=\"2025-07-29T16:28:46+00:00\" \/>\n<meta property=\"og:image\" content=\"https:\/\/preparadoresdeoposicionestecnicosuperioreneducacioninfantil.com\/wp-content\/uploads\/2025\/07\/portadatsei.jpg\" \/>\n\t<meta property=\"og:image:width\" content=\"300\" \/>\n\t<meta property=\"og:image:height\" content=\"300\" \/>\n\t<meta property=\"og:image:type\" content=\"image\/jpeg\" \/>\n<meta name=\"twitter:card\" content=\"summary_large_image\" \/>\n<meta name=\"twitter:image\" content=\"https:\/\/preparadoresdeoposicionestecnicosuperioreneducacioninfantil.com\/wp-content\/uploads\/2025\/07\/portadatsei.jpg\" \/>\n<meta name=\"twitter:label1\" content=\"Tiempo de lectura\" \/>\n\t<meta name=\"twitter:data1\" content=\"1 minuto\" \/>\n<script type=\"application\/ld+json\" class=\"yoast-schema-graph\">{\"@context\":\"https:\/\/schema.org\",\"@graph\":[{\"@type\":\"WebPage\",\"@id\":\"https:\/\/preparadoresdeoposicionestecnicosuperioreneducacioninfantil.com\/\",\"url\":\"https:\/\/preparadoresdeoposicionestecnicosuperioreneducacioninfantil.com\/\",\"name\":\"- Preparadores de oposiciones T\u00e9cnico Superior en Educaci\u00f3n Infantil\",\"isPartOf\":{\"@id\":\"https:\/\/preparadoresdeoposicionestecnicosuperioreneducacioninfantil.com\/#website\"},\"primaryImageOfPage\":{\"@id\":\"https:\/\/preparadoresdeoposicionestecnicosuperioreneducacioninfantil.com\/#primaryimage\"},\"image\":{\"@id\":\"https:\/\/preparadoresdeoposicionestecnicosuperioreneducacioninfantil.com\/#primaryimage\"},\"thumbnailUrl\":\"https:\/\/preparadoresdeoposicionestecnicosuperioreneducacioninfantil.com\/wp-content\/uploads\/2024\/05\/portada.jpg\",\"datePublished\":\"2021-01-08T14:38:03+00:00\",\"dateModified\":\"2025-07-29T16:28:46+00:00\",\"description\":\"En El Pupitre de Pilu ofrecemos preparaci\u00f3n online a tu ritmo para las oposiciones de T\u00e9cnico Superior en Educaci\u00f3n Infantil. Descubre nuestros cursos, recursos y apoyo personalizado para lograr tu \u00e9xito profesional.\",\"inLanguage\":\"es\",\"potentialAction\":[{\"@type\":\"ReadAction\",\"target\":[\"https:\/\/preparadoresdeoposicionestecnicosuperioreneducacioninfantil.com\/\"]}]},{\"@type\":\"ImageObject\",\"inLanguage\":\"es\",\"@id\":\"https:\/\/preparadoresdeoposicionestecnicosuperioreneducacioninfantil.com\/#primaryimage\",\"url\":\"https:\/\/preparadoresdeoposicionestecnicosuperioreneducacioninfantil.com\/wp-content\/uploads\/2024\/05\/portada.jpg\",\"contentUrl\":\"https:\/\/preparadoresdeoposicionestecnicosuperioreneducacioninfantil.com\/wp-content\/uploads\/2024\/05\/portada.jpg\",\"width\":1081,\"height\":1081},{\"@type\":\"WebSite\",\"@id\":\"https:\/\/preparadoresdeoposicionestecnicosuperioreneducacioninfantil.com\/#website\",\"url\":\"https:\/\/preparadoresdeoposicionestecnicosuperioreneducacioninfantil.com\/\",\"name\":\"Preparadores de oposiciones T\u00e9cnico Superior en Educaci\u00f3n Infantil\",\"description\":\"\",\"potentialAction\":[{\"@type\":\"SearchAction\",\"target\":{\"@type\":\"EntryPoint\",\"urlTemplate\":\"https:\/\/preparadoresdeoposicionestecnicosuperioreneducacioninfantil.com\/?s={search_term_string}\"},\"query-input\":{\"@type\":\"PropertyValueSpecification\",\"valueRequired\":true,\"valueName\":\"search_term_string\"}}],\"inLanguage\":\"es\"}]}<\/script>\n<!-- \/ Yoast SEO plugin. -->","yoast_head_json":{"title":"- Preparadores de oposiciones T\u00e9cnico Superior en Educaci\u00f3n Infantil","description":"En El Pupitre de Pilu ofrecemos preparaci\u00f3n online a tu ritmo para las oposiciones de T\u00e9cnico Superior en Educaci\u00f3n Infantil. Descubre nuestros cursos, recursos y apoyo personalizado para lograr tu \u00e9xito profesional.","robots":{"index":"index","follow":"follow","max-snippet":"max-snippet:-1","max-image-preview":"max-image-preview:large","max-video-preview":"max-video-preview:-1"},"canonical":"https:\/\/preparadoresdeoposicionestecnicosuperioreneducacioninfantil.com\/","og_locale":"es_ES","og_type":"article","og_title":"- Preparadores de oposiciones T\u00e9cnico Superior en Educaci\u00f3n Infantil","og_description":"En El Pupitre de Pilu ofrecemos preparaci\u00f3n online a tu ritmo para las oposiciones de T\u00e9cnico Superior en Educaci\u00f3n Infantil. Descubre nuestros cursos, recursos y apoyo personalizado para lograr tu \u00e9xito profesional.","og_url":"https:\/\/preparadoresdeoposicionestecnicosuperioreneducacioninfantil.com\/","og_site_name":"Preparadores de oposiciones T\u00e9cnico Superior en Educaci\u00f3n Infantil","article_modified_time":"2025-07-29T16:28:46+00:00","og_image":[{"width":300,"height":300,"url":"https:\/\/preparadoresdeoposicionestecnicosuperioreneducacioninfantil.com\/wp-content\/uploads\/2025\/07\/portadatsei.jpg","type":"image\/jpeg"}],"twitter_card":"summary_large_image","twitter_image":"https:\/\/preparadoresdeoposicionestecnicosuperioreneducacioninfantil.com\/wp-content\/uploads\/2025\/07\/portadatsei.jpg","twitter_misc":{"Tiempo de lectura":"1 minuto"},"schema":{"@context":"https:\/\/schema.org","@graph":[{"@type":"WebPage","@id":"https:\/\/preparadoresdeoposicionestecnicosuperioreneducacioninfantil.com\/","url":"https:\/\/preparadoresdeoposicionestecnicosuperioreneducacioninfantil.com\/","name":"- Preparadores de oposiciones T\u00e9cnico Superior en Educaci\u00f3n Infantil","isPartOf":{"@id":"https:\/\/preparadoresdeoposicionestecnicosuperioreneducacioninfantil.com\/#website"},"primaryImageOfPage":{"@id":"https:\/\/preparadoresdeoposicionestecnicosuperioreneducacioninfantil.com\/#primaryimage"},"image":{"@id":"https:\/\/preparadoresdeoposicionestecnicosuperioreneducacioninfantil.com\/#primaryimage"},"thumbnailUrl":"https:\/\/preparadoresdeoposicionestecnicosuperioreneducacioninfantil.com\/wp-content\/uploads\/2024\/05\/portada.jpg","datePublished":"2021-01-08T14:38:03+00:00","dateModified":"2025-07-29T16:28:46+00:00","description":"En El Pupitre de Pilu ofrecemos preparaci\u00f3n online a tu ritmo para las oposiciones de T\u00e9cnico Superior en Educaci\u00f3n Infantil. Descubre nuestros cursos, recursos y apoyo personalizado para lograr tu \u00e9xito profesional.","inLanguage":"es","potentialAction":[{"@type":"ReadAction","target":["https:\/\/preparadoresdeoposicionestecnicosuperioreneducacioninfantil.com\/"]}]},{"@type":"ImageObject","inLanguage":"es","@id":"https:\/\/preparadoresdeoposicionestecnicosuperioreneducacioninfantil.com\/#primaryimage","url":"https:\/\/preparadoresdeoposicionestecnicosuperioreneducacioninfantil.com\/wp-content\/uploads\/2024\/05\/portada.jpg","contentUrl":"https:\/\/preparadoresdeoposicionestecnicosuperioreneducacioninfantil.com\/wp-content\/uploads\/2024\/05\/portada.jpg","width":1081,"height":1081},{"@type":"WebSite","@id":"https:\/\/preparadoresdeoposicionestecnicosuperioreneducacioninfantil.com\/#website","url":"https:\/\/preparadoresdeoposicionestecnicosuperioreneducacioninfantil.com\/","name":"Preparadores de oposiciones T\u00e9cnico Superior en Educaci\u00f3n Infantil","description":"","potentialAction":[{"@type":"SearchAction","target":{"@type":"EntryPoint","urlTemplate":"https:\/\/preparadoresdeoposicionestecnicosuperioreneducacioninfantil.com\/?s={search_term_string}"},"query-input":{"@type":"PropertyValueSpecification","valueRequired":true,"valueName":"search_term_string"}}],"inLanguage":"es"}]}},"_links":{"self":[{"href":"https:\/\/preparadoresdeoposicionestecnicosuperioreneducacioninfantil.com\/index.php\/wp-json\/wp\/v2\/pages\/9","targetHints":{"allow":["GET"]}}],"collection":[{"href":"https:\/\/preparadoresdeoposicionestecnicosuperioreneducacioninfantil.com\/index.php\/wp-json\/wp\/v2\/pages"}],"about":[{"href":"https:\/\/preparadoresdeoposicionestecnicosuperioreneducacioninfantil.com\/index.php\/wp-json\/wp\/v2\/types\/page"}],"author":[{"embeddable":true,"href":"https:\/\/preparadoresdeoposicionestecnicosuperioreneducacioninfantil.com\/index.php\/wp-json\/wp\/v2\/users\/1"}],"replies":[{"embeddable":true,"href":"https:\/\/preparadoresdeoposicionestecnicosuperioreneducacioninfantil.com\/index.php\/wp-json\/wp\/v2\/comments?post=9"}],"version-history":[{"count":3,"href":"https:\/\/preparadoresdeoposicionestecnicosuperioreneducacioninfantil.com\/index.php\/wp-json\/wp\/v2\/pages\/9\/revisions"}],"predecessor-version":[{"id":340,"href":"https:\/\/preparadoresdeoposicionestecnicosuperioreneducacioninfantil.com\/index.php\/wp-json\/wp\/v2\/pages\/9\/revisions\/340"}],"wp:featuredmedia":[{"embeddable":true,"href":"https:\/\/preparadoresdeoposicionestecnicosuperioreneducacioninfantil.com\/index.php\/wp-json\/wp\/v2\/media\/293"}],"wp:attachment":[{"href":"https:\/\/preparadoresdeoposicionestecnicosuperioreneducacioninfantil.com\/index.php\/wp-json\/wp\/v2\/media?parent=9"}],"curies":[{"name":"wp","href":"https:\/\/api.w.org\/{rel}","templated":true}]}}